{"id":2,"date":"2025-01-03T20:56:30","date_gmt":"2025-01-03T20:56:30","guid":{"rendered":"https:\/\/apps.unpnc.com\/?page_id=2"},"modified":"2025-01-03T22:19:53","modified_gmt":"2025-01-03T22:19:53","slug":"sample-page","status":"publish","type":"page","link":"https:\/\/apps.unpnc.com\/","title":{"rendered":"Sample Page"},"content":{"rendered":"\t\t<div data-elementor-type=\"wp-page\" data-elementor-id=\"2\" class=\"elementor elementor-2\" data-elementor-post-type=\"page\">\n\t\t\t\t<div class=\"elementor-element elementor-element-17be2d3 e-flex e-con-boxed e-con e-parent\" data-id=\"17be2d3\" data-element_type=\"container\">\n\t\t\t\t\t<div class=\"e-con-inner\">\n\t\t\t\t<div class=\"elementor-element elementor-element-dd90df2 elementor-widget elementor-widget-image\" data-id=\"dd90df2\" data-element_type=\"widget\" data-widget_type=\"image.default\">\n\t\t\t\t<div class=\"elementor-widget-container\">\n\t\t\t\t\t\t\t\t\t\t\t\t\t\t\t<img decoding=\"async\" width=\"150\" height=\"150\" src=\"https:\/\/apps.unpnc.com\/wp-content\/uploads\/2025\/01\/LOGO-512-UNPNC--150x150.png\" class=\"attachment-thumbnail size-thumbnail wp-image-15\" alt=\"\" srcset=\"https:\/\/apps.unpnc.com\/wp-content\/uploads\/2025\/01\/LOGO-512-UNPNC--150x150.png 150w, https:\/\/apps.unpnc.com\/wp-content\/uploads\/2025\/01\/LOGO-512-UNPNC--300x300.png 300w, https:\/\/apps.unpnc.com\/wp-content\/uploads\/2025\/01\/LOGO-512-UNPNC-.png 512w\" sizes=\"(max-width: 150px) 100vw, 150px\" \/>\t\t\t\t\t\t\t\t\t\t\t\t\t\t\t<\/div>\n\t\t\t\t<\/div>\n\t\t\t\t<div class=\"elementor-element elementor-element-e700e3c elementor-widget elementor-widget-heading\" data-id=\"e700e3c\" data-element_type=\"widget\" data-widget_type=\"heading.default\">\n\t\t\t\t<div class=\"elementor-widget-container\">\n\t\t\t\t\t<h2 class=\"elementor-heading-title elementor-size-default\">T\u00e9l\u00e9chargement des Apps UNPNC<\/h2>\t\t\t\t<\/div>\n\t\t\t\t<\/div>\n\t\t\t\t<div class=\"elementor-element elementor-element-5c446e4 elementor-widget elementor-widget-heading\" data-id=\"5c446e4\" data-element_type=\"widget\" data-widget_type=\"heading.default\">\n\t\t\t\t<div class=\"elementor-widget-container\">\n\t\t\t\t\t<h2 class=\"elementor-heading-title elementor-size-default\">Pour iOS, Andro\u00efd et Windows <br \/>Sur surface mobile et tablette<\/h2>\t\t\t\t<\/div>\n\t\t\t\t<\/div>\n\t\t\t\t\t<\/div>\n\t\t\t\t<\/div>\n\t\t<div class=\"elementor-element elementor-element-2ec5e5a e-flex e-con-boxed e-con e-parent\" data-id=\"2ec5e5a\" data-element_type=\"container\">\n\t\t\t\t\t<div class=\"e-con-inner\">\n\t\t<div class=\"elementor-element elementor-element-e75692f e-con-full e-flex e-con e-child\" data-id=\"e75692f\" data-element_type=\"container\">\n\t\t\t\t<div class=\"elementor-element elementor-element-22c4bac elementor-widget elementor-widget-image\" data-id=\"22c4bac\" data-element_type=\"widget\" data-widget_type=\"image.default\">\n\t\t\t\t<div class=\"elementor-widget-container\">\n\t\t\t\t\t\t\t\t\t\t\t\t\t\t\t<img decoding=\"async\" width=\"192\" height=\"192\" src=\"https:\/\/apps.unpnc.com\/wp-content\/uploads\/2025\/01\/APP-UNPNC-V2.0.png\" class=\"attachment-large size-large wp-image-20\" alt=\"\" srcset=\"https:\/\/apps.unpnc.com\/wp-content\/uploads\/2025\/01\/APP-UNPNC-V2.0.png 192w, https:\/\/apps.unpnc.com\/wp-content\/uploads\/2025\/01\/APP-UNPNC-V2.0-150x150.png 150w\" sizes=\"(max-width: 192px) 100vw, 192px\" \/>\t\t\t\t\t\t\t\t\t\t\t\t\t\t\t<\/div>\n\t\t\t\t<\/div>\n\t\t\t\t<div class=\"elementor-element elementor-element-a936c40 elementor-widget elementor-widget-heading\" data-id=\"a936c40\" data-element_type=\"widget\" data-widget_type=\"heading.default\">\n\t\t\t\t<div class=\"elementor-widget-container\">\n\t\t\t\t\t<h2 class=\"elementor-heading-title elementor-size-default\">\nApplication UNPNC <br \/>Air France<\/h2>\t\t\t\t<\/div>\n\t\t\t\t<\/div>\n\t\t\t\t<\/div>\n\t\t<div class=\"elementor-element elementor-element-fe64d3a e-con-full e-flex e-con e-child\" data-id=\"fe64d3a\" data-element_type=\"container\">\n\t\t\t\t<div class=\"elementor-element elementor-element-cd9da5c elementor-widget elementor-widget-image\" data-id=\"cd9da5c\" data-element_type=\"widget\" data-widget_type=\"image.default\">\n\t\t\t\t<div class=\"elementor-widget-container\">\n\t\t\t\t\t\t\t\t\t\t\t\t\t\t\t<img decoding=\"async\" width=\"192\" height=\"192\" src=\"https:\/\/apps.unpnc.com\/wp-content\/uploads\/2025\/01\/APP-FlightPro-V1.0.png\" class=\"attachment-large size-large wp-image-24\" alt=\"\" srcset=\"https:\/\/apps.unpnc.com\/wp-content\/uploads\/2025\/01\/APP-FlightPro-V1.0.png 192w, https:\/\/apps.unpnc.com\/wp-content\/uploads\/2025\/01\/APP-FlightPro-V1.0-150x150.png 150w\" sizes=\"(max-width: 192px) 100vw, 192px\" \/>\t\t\t\t\t\t\t\t\t\t\t\t\t\t\t<\/div>\n\t\t\t\t<\/div>\n\t\t\t\t<div class=\"elementor-element elementor-element-ff4e532 elementor-widget elementor-widget-heading\" data-id=\"ff4e532\" data-element_type=\"widget\" data-widget_type=\"heading.default\">\n\t\t\t\t<div class=\"elementor-widget-container\">\n\t\t\t\t\t<h2 class=\"elementor-heading-title elementor-size-default\">\nApplication UNPNC <br \/>FightPro<\/h2>\t\t\t\t<\/div>\n\t\t\t\t<\/div>\n\t\t\t\t<\/div>\n\t\t<div class=\"elementor-element elementor-element-e70093f e-con-full e-flex e-con e-child\" data-id=\"e70093f\" data-element_type=\"container\">\n\t\t\t\t<div class=\"elementor-element elementor-element-4ce82db elementor-widget elementor-widget-image\" data-id=\"4ce82db\" data-element_type=\"widget\" data-widget_type=\"image.default\">\n\t\t\t\t<div class=\"elementor-widget-container\">\n\t\t\t\t\t\t\t\t\t\t\t\t\t\t\t<img loading=\"lazy\" decoding=\"async\" width=\"192\" height=\"192\" src=\"https:\/\/apps.unpnc.com\/wp-content\/uploads\/2025\/01\/APP-UNPNC-TRANSAVIA.png\" class=\"attachment-large size-large wp-image-25\" alt=\"\" srcset=\"https:\/\/apps.unpnc.com\/wp-content\/uploads\/2025\/01\/APP-UNPNC-TRANSAVIA.png 192w, https:\/\/apps.unpnc.com\/wp-content\/uploads\/2025\/01\/APP-UNPNC-TRANSAVIA-150x150.png 150w\" sizes=\"(max-width: 192px) 100vw, 192px\" \/>\t\t\t\t\t\t\t\t\t\t\t\t\t\t\t<\/div>\n\t\t\t\t<\/div>\n\t\t\t\t<div class=\"elementor-element elementor-element-4e17d1b elementor-widget elementor-widget-heading\" data-id=\"4e17d1b\" data-element_type=\"widget\" data-widget_type=\"heading.default\">\n\t\t\t\t<div class=\"elementor-widget-container\">\n\t\t\t\t\t<h2 class=\"elementor-heading-title elementor-size-default\">\nApplication UNPNC <br \/>Transavia<\/h2>\t\t\t\t<\/div>\n\t\t\t\t<\/div>\n\t\t\t\t<\/div>\n\t\t\t\t\t<\/div>\n\t\t\t\t<\/div>\n\t\t<div class=\"elementor-element elementor-element-9f666ac e-flex e-con-boxed e-con e-parent\" data-id=\"9f666ac\" data-element_type=\"container\">\n\t\t\t\t\t<div class=\"e-con-inner\">\n\t\t<div class=\"elementor-element elementor-element-289c12f e-con-full e-flex e-con e-child\" data-id=\"289c12f\" data-element_type=\"container\">\n\t\t\t\t<div class=\"elementor-element elementor-element-adc8ea4 elementor-widget elementor-widget-image\" data-id=\"adc8ea4\" data-element_type=\"widget\" data-widget_type=\"image.default\">\n\t\t\t\t<div class=\"elementor-widget-container\">\n\t\t\t\t\t\t\t\t\t\t\t\t\t\t\t<img loading=\"lazy\" decoding=\"async\" width=\"192\" height=\"192\" src=\"https:\/\/apps.unpnc.com\/wp-content\/uploads\/2025\/01\/APP-esayJet-UNPNC.png\" class=\"attachment-large size-large wp-image-30\" alt=\"\" srcset=\"https:\/\/apps.unpnc.com\/wp-content\/uploads\/2025\/01\/APP-esayJet-UNPNC.png 192w, https:\/\/apps.unpnc.com\/wp-content\/uploads\/2025\/01\/APP-esayJet-UNPNC-150x150.png 150w\" sizes=\"(max-width: 192px) 100vw, 192px\" \/>\t\t\t\t\t\t\t\t\t\t\t\t\t\t\t<\/div>\n\t\t\t\t<\/div>\n\t\t\t\t<div class=\"elementor-element elementor-element-1e9c677 elementor-widget elementor-widget-heading\" data-id=\"1e9c677\" data-element_type=\"widget\" data-widget_type=\"heading.default\">\n\t\t\t\t<div class=\"elementor-widget-container\">\n\t\t\t\t\t<h2 class=\"elementor-heading-title elementor-size-default\">\nApplication UNPNC <br \/>easyJet<\/h2>\t\t\t\t<\/div>\n\t\t\t\t<\/div>\n\t\t\t\t<\/div>\n\t\t<div class=\"elementor-element elementor-element-4e97994 e-con-full e-flex e-con e-child\" data-id=\"4e97994\" data-element_type=\"container\">\n\t\t\t\t<div class=\"elementor-element elementor-element-b198b90 elementor-widget elementor-widget-image\" data-id=\"b198b90\" data-element_type=\"widget\" data-widget_type=\"image.default\">\n\t\t\t\t<div class=\"elementor-widget-container\">\n\t\t\t\t\t\t\t\t\t\t\t\t\t\t\t<img loading=\"lazy\" decoding=\"async\" width=\"192\" height=\"192\" src=\"https:\/\/apps.unpnc.com\/wp-content\/uploads\/2025\/01\/APP-UNPNC-NATIONAL.png\" class=\"attachment-large size-large wp-image-34\" alt=\"\" srcset=\"https:\/\/apps.unpnc.com\/wp-content\/uploads\/2025\/01\/APP-UNPNC-NATIONAL.png 192w, https:\/\/apps.unpnc.com\/wp-content\/uploads\/2025\/01\/APP-UNPNC-NATIONAL-150x150.png 150w\" sizes=\"(max-width: 192px) 100vw, 192px\" \/>\t\t\t\t\t\t\t\t\t\t\t\t\t\t\t<\/div>\n\t\t\t\t<\/div>\n\t\t\t\t<div class=\"elementor-element elementor-element-4758223 elementor-widget elementor-widget-heading\" data-id=\"4758223\" data-element_type=\"widget\" data-widget_type=\"heading.default\">\n\t\t\t\t<div class=\"elementor-widget-container\">\n\t\t\t\t\t<h2 class=\"elementor-heading-title elementor-size-default\">\nApplication UNPNC <br \/>National<\/h2>\t\t\t\t<\/div>\n\t\t\t\t<\/div>\n\t\t\t\t<\/div>\n\t\t<div class=\"elementor-element elementor-element-149d332 e-con-full e-flex e-con e-child\" data-id=\"149d332\" data-element_type=\"container\">\n\t\t\t\t<\/div>\n\t\t\t\t\t<\/div>\n\t\t\t\t<\/div>\n\t\t<div class=\"elementor-element elementor-element-471252b e-flex e-con-boxed e-con e-parent\" data-id=\"471252b\" data-element_type=\"container\">\n\t\t\t\t\t<div class=\"e-con-inner\">\n\t\t\t\t<div class=\"elementor-element elementor-element-2c768cf elementor-widget elementor-widget-heading\" data-id=\"2c768cf\" data-element_type=\"widget\" data-widget_type=\"heading.default\">\n\t\t\t\t<div class=\"elementor-widget-container\">\n\t\t\t\t\t<h2 class=\"elementor-heading-title elementor-size-default\">Installation<\/h2>\t\t\t\t<\/div>\n\t\t\t\t<\/div>\n\t\t\t\t<div class=\"elementor-element elementor-element-9a2a030 elementor-widget elementor-widget-text-editor\" data-id=\"9a2a030\" data-element_type=\"widget\" data-widget_type=\"text-editor.default\">\n\t\t\t\t<div class=\"elementor-widget-container\">\n\t\t\t\t\t\t\t\t\t<p>1 &#8211; Scannez \u00a0votre QR-Code (mobile\/tablette iOS, Windows, Andro\u00efd)<\/p>\n<p>2 &#8211; Rajouter une ic\u00f4ne \u00e0 la page d&rsquo;accueil (suivre les instructions)<\/p>\n<p>3 &#8211; Tout fermer et r\u00e9ouvrir l&rsquo;application<\/p>\t\t\t\t\t\t\t\t<\/div>\n\t\t\t\t<\/div>\n\t\t\t\t\t<\/div>\n\t\t\t\t<\/div>\n\t\t<div class=\"elementor-element elementor-element-2be22a3 e-flex e-con-boxed e-con e-parent\" data-id=\"2be22a3\" data-element_type=\"container\">\n\t\t\t\t\t<div class=\"e-con-inner\">\n\t\t\t\t<div class=\"elementor-element elementor-element-56c0a0d elementor-widget elementor-widget-heading\" data-id=\"56c0a0d\" data-element_type=\"widget\" data-widget_type=\"heading.default\">\n\t\t\t\t<div class=\"elementor-widget-container\">\n\t\t\t\t\t<h2 class=\"elementor-heading-title elementor-size-default\">Utilisation Offline<\/h2>\t\t\t\t<\/div>\n\t\t\t\t<\/div>\n\t\t\t\t<div class=\"elementor-element elementor-element-dcc5f86 elementor-widget elementor-widget-text-editor\" data-id=\"dcc5f86\" data-element_type=\"widget\" data-widget_type=\"text-editor.default\">\n\t\t\t\t<div class=\"elementor-widget-container\">\n\t\t\t\t\t\t\t\t\t<p>1 &#8211; Toute page visit\u00e9e sera automatiquement rajout\u00e9e \u00e0 votre cache (sans avoir \u00e0 utiliser de calculateur)<\/p>\n<p>2 &#8211; Les CINQ derniers articles sont automatiquement rajout\u00e9s \u00e0 votre cache<\/p>\n<p>3 &#8211; D\u00e9connectez-vous d&rsquo;internet et r\u00e9ouvrir l&rsquo;application (si page blanche, juste r\u00e9actualisez la page)<\/p>\t\t\t\t\t\t\t\t<\/div>\n\t\t\t\t<\/div>\n\t\t\t\t\t<\/div>\n\t\t\t\t<\/div>\n\t\t<div class=\"elementor-element elementor-element-75e99e8 e-flex e-con-boxed e-con e-parent\" data-id=\"75e99e8\" data-element_type=\"container\">\n\t\t\t\t\t<div class=\"e-con-inner\">\n\t\t\t\t<div class=\"elementor-element elementor-element-b8a9e65 elementor-widget elementor-widget-heading\" data-id=\"b8a9e65\" data-element_type=\"widget\" data-widget_type=\"heading.default\">\n\t\t\t\t<div class=\"elementor-widget-container\">\n\t\t\t\t\t<h2 class=\"elementor-heading-title elementor-size-default\">Actualisation<\/h2>\t\t\t\t<\/div>\n\t\t\t\t<\/div>\n\t\t\t\t<div class=\"elementor-element elementor-element-7f3db61 elementor-widget elementor-widget-text-editor\" data-id=\"7f3db61\" data-element_type=\"widget\" data-widget_type=\"text-editor.default\">\n\t\t\t\t<div class=\"elementor-widget-container\">\n\t\t\t\t\t\t\t\t\t<p>1 &#8211; Il suffit de vous reconnecter \u00e0 nouveau \u00e0 la wifi<\/p>\n<p>2 &#8211; Tirez vers le bas et un message apparaitra \u00ab\u00a0Actualisation\u00a0\u00bb, puis l\u00e2chez, d\u00e8s lors toute l&rsquo;application est r\u00e9actualis\u00e9<\/p>\n<p>\u00a0<\/p>\t\t\t\t\t\t\t\t<\/div>\n\t\t\t\t<\/div>\n\t\t\t\t\t<\/div>\n\t\t\t\t<\/div>\n\t\t\t\t<\/div>\n\t\t","protected":false},"excerpt":{"rendered":"<p>T\u00e9l\u00e9chargement des Apps UNPNC Pour iOS, Andro\u00efd et Windows Sur surface mobile et tablette Application UNPNC Air France Application UNPNC FightPro Application UNPNC Transavia Application UNPNC easyJet Application UNPNC National Installation 1 &#8211; Scannez \u00a0votre QR-Code (mobile\/tablette iOS, Windows, Andro\u00efd) 2 &#8211; Rajouter une ic\u00f4ne \u00e0 la page d&rsquo;accueil (suivre les instructions) 3 &#8211; Tout [&hellip;]<\/p>\n","protected":false},"author":1,"featured_media":0,"parent":0,"menu_order":0,"comment_status":"closed","ping_status":"open","template":"elementor_canvas","meta":{"footnotes":""},"class_list":["post-2","page","type-page","status-publish","hentry"],"_links":{"self":[{"href":"https:\/\/apps.unpnc.com\/index.php?rest_route=\/wp\/v2\/pages\/2","targetHints":{"allow":["GET"]}}],"collection":[{"href":"https:\/\/apps.unpnc.com\/index.php?rest_route=\/wp\/v2\/pages"}],"about":[{"href":"https:\/\/apps.unpnc.com\/index.php?rest_route=\/wp\/v2\/types\/page"}],"author":[{"embeddable":true,"href":"https:\/\/apps.unpnc.com\/index.php?rest_route=\/wp\/v2\/users\/1"}],"replies":[{"embeddable":true,"href":"https:\/\/apps.unpnc.com\/index.php?rest_route=%2Fwp%2Fv2%2Fcomments&post=2"}],"version-history":[{"count":46,"href":"https:\/\/apps.unpnc.com\/index.php?rest_route=\/wp\/v2\/pages\/2\/revisions"}],"predecessor-version":[{"id":65,"href":"https:\/\/apps.unpnc.com\/index.php?rest_route=\/wp\/v2\/pages\/2\/revisions\/65"}],"wp:attachment":[{"href":"https:\/\/apps.unpnc.com\/index.php?rest_route=%2Fwp%2Fv2%2Fmedia&parent=2"}],"curies":[{"name":"wp","href":"https:\/\/api.w.org\/{rel}","templated":true}]}}